{"id":30688,"date":"2026-01-24T11:15:10","date_gmt":"2026-01-24T19:15:10","guid":{"rendered":"https:\/\/usapostagestamp.com\/product\/1998-uncle-sam-forever-first-class-postage-stamps\/"},"modified":"2026-02-03T01:12:18","modified_gmt":"2026-02-03T09:12:18","slug":"1998-uncle-sam-forever-first-class-postage-stamps","status":"publish","type":"product","link":"https:\/\/usapostagestamp.com\/es\/producto\/1998-uncle-sam-forever-first-class-postage-stamps\/","title":{"rendered":"1998 T\u00edo Sam Forever Sellos de Correos de Primera Clase"},"content":{"rendered":"<p>&nbsp;<\/p>\n<div class=\"WaaZC\">\n<div class=\"RJPOee EIJn2\">\n<div class=\"rPeykc uP58nb\" data-hveid=\"CAUQAQ\" data-ved=\"2ahUKEwimo9j6sLyPAxWZkO4BHWnYBy4Qo_EKegQIBRAB\"><\/div>\n<\/div>\n<\/div>\n<p>History of the Uncle Sam Stamp:<br \/>\nIssuance: The 22-cent Uncle Sam Definitive Stamp was issued on November 9, 1998, in Washington, D.C., and reissued on October 8, 1999.<br \/>\nContext: This stamp was part of a series of non-denominational stamps featuring &#8220;Uncle Sam&#8217;s hat&#8221; issued in anticipation of postal rate increases in 1998, which eventually set the new rate at 33\u00a2.<\/p>","protected":false},"excerpt":{"rendered":"<p>&nbsp; Historia del sello del T\u00edo Sam: Emisi\u00f3n: El sello definitivo de 22 c\u00e9ntimos del T\u00edo Sam se emiti\u00f3 el 9 de noviembre de 1998,<\/p>","protected":false},"featured_media":29312,"comment_status":"open","ping_status":"closed","template":"","meta":{"_monsterinsights_skip_tracking":false,"_monsterinsights_sitenote_active":false,"_monsterinsights_sitenote_note":"","_monsterinsights_sitenote_category":0},"product_brand":[],"product_cat":[132,139,111,105],"product_tag":[],"class_list":{"0":"post-30688","1":"product","2":"type-product","3":"status-publish","4":"has-post-thumbnail","6":"product_cat-2013-1998","7":"product_cat-celebrity","8":"product_cat-lssue-year","9":"product_cat-theme","10":"pa_quantity-15-sheets-300-pcs","11":"pa_quantity-150-sheets-3000-pcs","12":"pa_quantity-25-sheets-500-pcs","13":"pa_quantity-250-sheets-5000-pcs","14":"pa_quantity-5-sheets-100-pcs","15":"pa_quantity-50-sheets-1000-pcs","16":"pa_quantity-500-sheets-10000-pcs","18":"first","19":"instock","20":"sale","21":"shipping-taxable","22":"purchasable","23":"product-type-variable"},"jetpack_sharing_enabled":true,"_links":{"self":[{"href":"https:\/\/usapostagestamp.com\/es\/wp-json\/wp\/v2\/product\/30688","targetHints":{"allow":["GET"]}}],"collection":[{"href":"https:\/\/usapostagestamp.com\/es\/wp-json\/wp\/v2\/product"}],"about":[{"href":"https:\/\/usapostagestamp.com\/es\/wp-json\/wp\/v2\/types\/product"}],"replies":[{"embeddable":true,"href":"https:\/\/usapostagestamp.com\/es\/wp-json\/wp\/v2\/comments?post=30688"}],"version-history":[{"count":1,"href":"https:\/\/usapostagestamp.com\/es\/wp-json\/wp\/v2\/product\/30688\/revisions"}],"predecessor-version":[{"id":32478,"href":"https:\/\/usapostagestamp.com\/es\/wp-json\/wp\/v2\/product\/30688\/revisions\/32478"}],"wp:featuredmedia":[{"embeddable":true,"href":"https:\/\/usapostagestamp.com\/es\/wp-json\/wp\/v2\/media\/29312"}],"wp:attachment":[{"href":"https:\/\/usapostagestamp.com\/es\/wp-json\/wp\/v2\/media?parent=30688"}],"wp:term":[{"taxonomy":"product_brand","embeddable":true,"href":"https:\/\/usapostagestamp.com\/es\/wp-json\/wp\/v2\/product_brand?post=30688"},{"taxonomy":"product_cat","embeddable":true,"href":"https:\/\/usapostagestamp.com\/es\/wp-json\/wp\/v2\/product_cat?post=30688"},{"taxonomy":"product_tag","embeddable":true,"href":"https:\/\/usapostagestamp.com\/es\/wp-json\/wp\/v2\/product_tag?post=30688"}],"curies":[{"name":"wp","href":"https:\/\/api.w.org\/{rel}","templated":true}]}}